{"id":996,"date":"2020-09-06T18:45:26","date_gmt":"2020-09-06T16:45:26","guid":{"rendered":"http:\/\/zhwjymg.cluster028.hosting.ovh.net\/index.php\/unsere-produkte\/schallschutzwaende\/"},"modified":"2020-09-06T18:45:27","modified_gmt":"2020-09-06T16:45:27","slug":"schallschutzwaende","status":"publish","type":"page","link":"https:\/\/www.ags.ud.it\/index.php\/unsere-produkte\/schallschutzwaende\/?lang=de","title":{"rendered":"Schallschutzw\u00e4nde"},"content":{"rendered":"\t\t<div data-elementor-type=\"wp-page\" data-elementor-id=\"996\" class=\"elementor elementor-996 elementor-249\" data-elementor-settings=\"[]\">\n\t\t\t\t\t\t<div class=\"elementor-inner\">\n\t\t\t\t\t\t\t<div class=\"elementor-section-wrap\">\n\t\t\t\t\t\t\t<section class=\"elementor-section elementor-top-section elementor-element elementor-element-40c5b572 elementor-section-height-min-height elementor-section-boxed elementor-section-height-default elementor-section-items-middle\" data-id=\"40c5b572\" data-element_type=\"section\" data-settings=\"{&quot;background_background&quot;:&quot;classic&quot;}\">\n\t\t\t\t\t\t\t<div class=\"elementor-background-overlay\"><\/div>\n\t\t\t\t\t\t\t<div class=\"elementor-container elementor-column-gap-no\">\n\t\t\t\t\t\t\t<div class=\"elementor-row\">\n\t\t\t\t\t<div class=\"elementor-column elementor-col-100 elementor-top-column elementor-element elementor-element-578f3fe2\" data-id=\"578f3fe2\" data-element_type=\"column\">\n\t\t\t<div class=\"elementor-column-wrap elementor-element-populated\">\n\t\t\t\t\t\t\t<div class=\"elementor-widget-wrap\">\n\t\t\t\t\t\t<div class=\"elementor-element elementor-element-2a1774b elementor-widget elementor-widget-heading\" data-id=\"2a1774b\" data-element_type=\"widget\" data-widget_type=\"heading.default\">\n\t\t\t\t<div class=\"elementor-widget-container\">\n\t\t\t<h1 class=\"elementor-heading-title elementor-size-large\">SCHALLSCHUTZW\u00c4NDE<\/h1>\t\t<\/div>\n\t\t\t\t<\/div>\n\t\t\t\t<div class=\"elementor-element elementor-element-68fe431a elementor-widget elementor-widget-heading\" data-id=\"68fe431a\" data-element_type=\"widget\" data-widget_type=\"heading.default\">\n\t\t\t\t<div class=\"elementor-widget-container\">\n\t\t\t<h2 class=\"elementor-heading-title elementor-size-large\">Die Einhausungen und Schallschutzw\u00e4nde k\u00f6nnen eingesetzt werden um die Menschen vor sch\u00e4dlichem Schall zu sch\u00fctzen.<\/h2>\t\t<\/div>\n\t\t\t\t<\/div>\n\t\t\t\t<div class=\"elementor-element elementor-element-656fe33f elementor-widget elementor-widget-spacer\" data-id=\"656fe33f\" data-element_type=\"widget\" data-widget_type=\"spacer.default\">\n\t\t\t\t<div class=\"elementor-widget-container\">\n\t\t\t\t\t<div class=\"elementor-spacer\">\n\t\t\t<div class=\"elementor-spacer-inner\"><\/div>\n\t\t<\/div>\n\t\t\t\t<\/div>\n\t\t\t\t<\/div>\n\t\t\t\t\t\t<\/div>\n\t\t\t\t\t<\/div>\n\t\t<\/div>\n\t\t\t\t\t\t\t\t<\/div>\n\t\t\t\t\t<\/div>\n\t\t<\/section>\n\t\t\t\t<section class=\"elementor-section elementor-top-section elementor-element elementor-element-54691578 elementor-section-content-middle elementor-section-boxed elementor-section-height-default elementor-section-height-default\" data-id=\"54691578\" data-element_type=\"section\">\n\t\t\t\t\t\t<div class=\"elementor-container elementor-column-gap-no\">\n\t\t\t\t\t\t\t<div class=\"elementor-row\">\n\t\t\t\t\t<div class=\"elementor-column elementor-col-50 elementor-top-column elementor-element elementor-element-6d797499\" data-id=\"6d797499\" data-element_type=\"column\" data-settings=\"{&quot;background_background&quot;:&quot;classic&quot;}\">\n\t\t\t<div class=\"elementor-column-wrap elementor-element-populated\">\n\t\t\t\t\t\t\t<div class=\"elementor-widget-wrap\">\n\t\t\t\t\t\t<div class=\"elementor-element elementor-element-7a3c6a63 elementor-skin-carousel elementor-arrows-yes elementor-widget elementor-widget-media-carousel\" data-id=\"7a3c6a63\" data-element_type=\"widget\" data-settings=\"{&quot;slides_per_view&quot;:&quot;1&quot;,&quot;slides_per_view_mobile&quot;:&quot;1&quot;,&quot;slides_to_scroll&quot;:&quot;1&quot;,&quot;autoplay_speed&quot;:2000,&quot;skin&quot;:&quot;carousel&quot;,&quot;effect&quot;:&quot;slide&quot;,&quot;show_arrows&quot;:&quot;yes&quot;,&quot;speed&quot;:500,&quot;autoplay&quot;:&quot;yes&quot;,&quot;loop&quot;:&quot;yes&quot;,&quot;pause_on_hover&quot;:&quot;yes&quot;,&quot;pause_on_interaction&quot;:&quot;yes&quot;,&quot;space_between&quot;:{&quot;unit&quot;:&quot;px&quot;,&quot;size&quot;:10,&quot;sizes&quot;:[]},&quot;space_between_tablet&quot;:{&quot;unit&quot;:&quot;px&quot;,&quot;size&quot;:10,&quot;sizes&quot;:[]},&quot;space_between_mobile&quot;:{&quot;unit&quot;:&quot;px&quot;,&quot;size&quot;:10,&quot;sizes&quot;:[]}}\" data-widget_type=\"media-carousel.default\">\n\t\t\t\t<div class=\"elementor-widget-container\">\n\t\t\t\t\t<div class=\"elementor-swiper\">\n\t\t\t<div class=\"elementor-main-swiper swiper-container\">\n\t\t\t\t<div class=\"swiper-wrapper\">\n\t\t\t\t\t\t\t\t\t\t\t<div class=\"swiper-slide\">\n\t\t\t\t\t\t\t\t\t<div class=\"elementor-carousel-image\" style=\"background-image: url(https:\/\/www.ags.ud.it\/wp-content\/uploads\/2020\/08\/Barriera-acustica-1.jpg)\">\n\t\t\t\t\t<\/div>\n\t\t\t\t\t<div class=\"elementor-carousel-image-overlay e-overlay-animation-fade\">\n\t\t\t\t\t\t\t\t\t<i class=\"fa fa-eye\"><\/i>\n\t\t\t\t\t\t\t<\/div>\n\t\t\t\t\t\t\t\t\t<\/div>\n\t\t\t\t\t\t\t\t\t\t\t<div class=\"swiper-slide\">\n\t\t\t\t\t\t\t\t\t<div class=\"elementor-carousel-image\" style=\"background-image: url(https:\/\/www.ags.ud.it\/wp-content\/uploads\/2020\/08\/Barriera-acustica-2.jpg)\">\n\t\t\t\t\t<\/div>\n\t\t\t\t\t<div class=\"elementor-carousel-image-overlay e-overlay-animation-fade\">\n\t\t\t\t\t\t\t\t\t<i class=\"fa fa-eye\"><\/i>\n\t\t\t\t\t\t\t<\/div>\n\t\t\t\t\t\t\t\t\t<\/div>\n\t\t\t\t\t\t\t\t\t<\/div>\n\t\t\t\t\t\t\t\t\t\t\t\t\t\t\t\t\t\t\t\t<div class=\"elementor-swiper-button elementor-swiper-button-prev\">\n\t\t\t\t\t\t\t<i class=\"eicon-chevron-left\" aria-hidden=\"true\"><\/i>\n\t\t\t\t\t\t\t<span class=\"elementor-screen-only\">Precedente<\/span>\n\t\t\t\t\t\t<\/div>\n\t\t\t\t\t\t<div class=\"elementor-swiper-button elementor-swiper-button-next\">\n\t\t\t\t\t\t\t<i class=\"eicon-chevron-right\" aria-hidden=\"true\"><\/i>\n\t\t\t\t\t\t\t<span class=\"elementor-screen-only\">Successivo<\/span>\n\t\t\t\t\t\t<\/div>\n\t\t\t\t\t\t\t\t\t\t\t\t<\/div>\n\t\t<\/div>\n\t\t\t\t<\/div>\n\t\t\t\t<\/div>\n\t\t\t\t\t\t<\/div>\n\t\t\t\t\t<\/div>\n\t\t<\/div>\n\t\t\t\t<div class=\"elementor-column elementor-col-50 elementor-top-column elementor-element elementor-element-4729f685\" data-id=\"4729f685\" data-element_type=\"column\">\n\t\t\t<div class=\"elementor-column-wrap elementor-element-populated\">\n\t\t\t\t\t\t\t<div class=\"elementor-widget-wrap\">\n\t\t\t\t\t\t<div class=\"elementor-element elementor-element-78da9b4c elementor-widget elementor-widget-heading\" data-id=\"78da9b4c\" data-element_type=\"widget\" data-widget_type=\"heading.default\">\n\t\t\t\t<div class=\"elementor-widget-container\">\n\t\t\t<h3 class=\"elementor-heading-title elementor-size-large\"><div> industrielle und zivile <\/ div> Schallschutz<\/h3>\t\t<\/div>\n\t\t\t\t<\/div>\n\t\t\t\t<div class=\"elementor-element elementor-element-24ef499c elementor-widget-divider--view-line elementor-widget elementor-widget-divider\" data-id=\"24ef499c\" data-element_type=\"widget\" data-widget_type=\"divider.default\">\n\t\t\t\t<div class=\"elementor-widget-container\">\n\t\t\t\t\t<div class=\"elementor-divider\">\n\t\t\t<span class=\"elementor-divider-separator\">\n\t\t\t\t\t\t<\/span>\n\t\t<\/div>\n\t\t\t\t<\/div>\n\t\t\t\t<\/div>\n\t\t\t\t<div class=\"elementor-element elementor-element-20a6282f elementor-widget elementor-widget-text-editor\" data-id=\"20a6282f\" data-element_type=\"widget\" data-widget_type=\"text-editor.default\">\n\t\t\t\t<div class=\"elementor-widget-container\">\n\t\t\t\t\t<div class=\"elementor-text-editor elementor-clearfix\"><p>A.G.S. entwickelt L\u00e4rmschutzsystemen um den sch\u00e4dlichen Schall unter die vorgeschriebenen Grenzen zu mindern.<\/p>\n<p>Die Schutzw\u00e4nde werden durch schalld\u00e4mpfende Platten die die tonhaltigen und impulsiven Komponenten des L\u00e4rms absorbieren.<\/p>\n<p>Nach den akustischen Berechnungen, denken unsere Experten an ma\u00dfgeschneiderte L\u00f6sungen. Unser Au\u00dfendienstteam steht f\u00fcr die Montage und Wartung vor Ort in Italien und im Ausland bereit.<\/p>\n<\/div>\n\t\t\t\t<\/div>\n\t\t\t\t<\/div>\n\t\t\t\t\t\t<\/div>\n\t\t\t\t\t<\/div>\n\t\t<\/div>\n\t\t\t\t\t\t\t\t<\/div>\n\t\t\t\t\t<\/div>\n\t\t<\/section>\n\t\t\t\t<section class=\"elementor-section elementor-top-section elementor-element elementor-element-464f455b elementor-section-boxed elementor-section-height-default elementor-section-height-default\" data-id=\"464f455b\" data-element_type=\"section\" data-settings=\"{&quot;background_background&quot;:&quot;classic&quot;}\">\n\t\t\t\t\t\t<div class=\"elementor-container elementor-column-gap-default\">\n\t\t\t\t\t\t\t<div class=\"elementor-row\">\n\t\t\t\t\t<div class=\"elementor-column elementor-col-100 elementor-top-column elementor-element elementor-element-460dd11f\" data-id=\"460dd11f\" data-element_type=\"column\">\n\t\t\t<div class=\"elementor-column-wrap elementor-element-populated\">\n\t\t\t\t\t\t\t<div class=\"elementor-widget-wrap\">\n\t\t\t\t\t\t<div class=\"elementor-element elementor-element-64f0b232 elementor-grid-4 elementor-grid-tablet-2 elementor-grid-mobile-1 elementor-posts--thumbnail-top elementor-posts--show-avatar elementor-card-shadow-yes elementor-posts__hover-gradient elementor-widget elementor-widget-posts\" data-id=\"64f0b232\" data-element_type=\"widget\" data-settings=\"{&quot;cards_columns&quot;:&quot;4&quot;,&quot;cards_columns_tablet&quot;:&quot;2&quot;,&quot;cards_columns_mobile&quot;:&quot;1&quot;,&quot;cards_row_gap&quot;:{&quot;unit&quot;:&quot;px&quot;,&quot;size&quot;:35,&quot;sizes&quot;:[]}}\" data-widget_type=\"posts.cards\">\n\t\t\t\t<div class=\"elementor-widget-container\">\n\t\t\t\t\t<div class=\"elementor-posts-container elementor-posts elementor-posts--skin-cards elementor-grid\">\n\t\t\t\t<article class=\"elementor-post elementor-grid-item post-1249 post type-post status-publish format-standard has-post-thumbnail hentry category-barriere-acustiche\">\n\t\t\t<div class=\"elementor-post__card\">\n\t\t\t\t<a class=\"elementor-post__thumbnail__link\" href=\"https:\/\/www.ags.ud.it\/index.php\/2020\/09\/30\/protezione-fonoassorbente-2\/\" >\n\t\t\t<div class=\"elementor-post__thumbnail\"><img loading=\"lazy\" decoding=\"async\" width=\"300\" height=\"200\" src=\"https:\/\/www.ags.ud.it\/wp-content\/uploads\/2020\/08\/Barriere-acustiche-1-300x200.jpg\" class=\"attachment-medium size-medium\" alt=\"Barriere acustiche realizzate da A.G.S. Srl di Udine\" srcset=\"https:\/\/www.ags.ud.it\/wp-content\/uploads\/2020\/08\/Barriere-acustiche-1-300x200.jpg 300w, https:\/\/www.ags.ud.it\/wp-content\/uploads\/2020\/08\/Barriere-acustiche-1-1024x683.jpg 1024w, https:\/\/www.ags.ud.it\/wp-content\/uploads\/2020\/08\/Barriere-acustiche-1-768x512.jpg 768w, https:\/\/www.ags.ud.it\/wp-content\/uploads\/2020\/08\/Barriere-acustiche-1.jpg 1200w\" sizes=\"auto, (max-width: 300px) 100vw, 300px\" \/><\/div>\n\t\t<\/a>\n\t\t\t\t<div class=\"elementor-post__badge\">Barriere acustiche<\/div>\n\t\t\t\t<div class=\"elementor-post__avatar\">\n\t\t\t<img alt='Matteo Grillo' src='https:\/\/secure.gravatar.com\/avatar\/835b9ab99c4d605fb368ecf1f19142017805797f035e033ad2de8355b7dd0fcf?s=128&#038;d=mm&#038;r=g' srcset='https:\/\/secure.gravatar.com\/avatar\/835b9ab99c4d605fb368ecf1f19142017805797f035e033ad2de8355b7dd0fcf?s=256&#038;d=mm&#038;r=g 2x' class='avatar avatar-128 photo' height='128' width='128' \/>\t\t<\/div>\n\t\t\t\t<div class=\"elementor-post__text\">\n\t\t\t\t<h3 class=\"elementor-post__title\">\n\t\t\t<a href=\"https:\/\/www.ags.ud.it\/index.php\/2020\/09\/30\/protezione-fonoassorbente-2\/\" >\n\t\t\t\tProtezione fonoassorbente\t\t\t<\/a>\n\t\t<\/h3>\n\t\t\t\t\t<a class=\"elementor-post__read-more\" href=\"https:\/\/www.ags.ud.it\/index.php\/2020\/09\/30\/protezione-fonoassorbente-2\/\" >\n\t\t\t\tMEHR ERFAHREN\t\t\t<\/a>\n\t\t\t\t<\/div>\n\t\t\t\t\t<\/div>\n\t\t<\/article>\n\t\t\t\t<\/div>\n\t\t\t\t<\/div>\n\t\t\t\t<\/div>\n\t\t\t\t\t\t<\/div>\n\t\t\t\t\t<\/div>\n\t\t<\/div>\n\t\t\t\t\t\t\t\t<\/div>\n\t\t\t\t\t<\/div>\n\t\t<\/section>\n\t\t\t\t<section class=\"elementor-section elementor-top-section elementor-element elementor-element-3e9c688b elementor-section-content-middle elementor-section-boxed elementor-section-height-default elementor-section-height-default\" data-id=\"3e9c688b\" data-element_type=\"section\" data-settings=\"{&quot;background_background&quot;:&quot;classic&quot;}\">\n\t\t\t\t\t\t<div class=\"elementor-container elementor-column-gap-no\">\n\t\t\t\t\t\t\t<div class=\"elementor-row\">\n\t\t\t\t\t<div class=\"elementor-column elementor-col-100 elementor-top-column elementor-element elementor-element-6238292f\" data-id=\"6238292f\" data-element_type=\"column\" data-settings=\"{&quot;background_background&quot;:&quot;classic&quot;}\">\n\t\t\t<div class=\"elementor-column-wrap elementor-element-populated\">\n\t\t\t\t\t\t\t<div class=\"elementor-widget-wrap\">\n\t\t\t\t\t\t<div class=\"elementor-element elementor-element-11c20ddf elementor-widget elementor-widget-heading\" data-id=\"11c20ddf\" data-element_type=\"widget\" data-widget_type=\"heading.default\">\n\t\t\t\t<div class=\"elementor-widget-container\">\n\t\t\t<h4 class=\"elementor-heading-title elementor-size-default\">KONTAKTIEREN SIE UNS<\/h4>\t\t<\/div>\n\t\t\t\t<\/div>\n\t\t\t\t<div class=\"elementor-element elementor-element-6648d1c3 elementor-button-align-stretch elementor-widget elementor-widget-form\" data-id=\"6648d1c3\" data-element_type=\"widget\" data-settings=\"{&quot;step_next_label&quot;:&quot;Successivo&quot;,&quot;step_previous_label&quot;:&quot;Precedente&quot;,&quot;button_width&quot;:&quot;100&quot;,&quot;step_type&quot;:&quot;number_text&quot;,&quot;step_icon_shape&quot;:&quot;circle&quot;}\" data-widget_type=\"form.default\">\n\t\t\t\t<div class=\"elementor-widget-container\">\n\t\t\t\t\t<form class=\"elementor-form\" method=\"post\" name=\"Preventivo\">\n\t\t\t<input type=\"hidden\" name=\"post_id\" value=\"996\"\/>\n\t\t\t<input type=\"hidden\" name=\"form_id\" value=\"6648d1c3\"\/>\n\n\t\t\t\n\t\t\t<div class=\"elementor-form-fields-wrapper elementor-labels-above\">\n\t\t\t\t\t\t\t\t<div class=\"elementor-field-type-email elementor-field-group elementor-column elementor-field-group-email elementor-col-100 elementor-field-required elementor-mark-required\">\n\t\t\t\t\t<label for=\"form-field-email\" class=\"elementor-field-label\">Email<\/label><input size=\"1\" type=\"email\" name=\"form_fields[email]\" id=\"form-field-email\" class=\"elementor-field elementor-size-sm  elementor-field-textual\" placeholder=\"Your Email\" required=\"required\" aria-required=\"true\">\t\t\t\t<\/div>\n\t\t\t\t\t\t\t\t<div class=\"elementor-field-type-textarea elementor-field-group elementor-column elementor-field-group-field_d18fbdc elementor-col-100 elementor-field-required elementor-mark-required\">\n\t\t\t\t\t<label for=\"form-field-field_d18fbdc\" class=\"elementor-field-label\">Ihre Nachricht<\/label><textarea class=\"elementor-field-textual elementor-field  elementor-size-sm\" name=\"form_fields[field_d18fbdc]\" id=\"form-field-field_d18fbdc\" rows=\"4\" placeholder=\"Schreiben Sie hier alle Informationen, die Sie ben\u00f6tigen\" required=\"required\" aria-required=\"true\"><\/textarea>\t\t\t\t<\/div>\n\t\t\t\t\t\t\t\t<div class=\"elementor-field-type-acceptance elementor-field-group elementor-column elementor-field-group-field_51d452b elementor-col-100 elementor-field-required elementor-mark-required\">\n\t\t\t\t\t<div class=\"elementor-field-subgroup\"><span class=\"elementor-field-option\"><input type=\"checkbox\" name=\"form_fields[field_51d452b]\" id=\"form-field-field_51d452b\" class=\"elementor-field elementor-size-sm  elementor-acceptance-field\" required=\"required\" aria-required=\"true\"> <label for=\"form-field-field_51d452b\">Privacy<\/label><\/span><\/div>\t\t\t\t<\/div>\n\t\t\t\t\t\t\t\t<div class=\"elementor-field-group elementor-column elementor-field-type-submit elementor-col-100 e-form__buttons\">\n\t\t\t\t\t<button type=\"submit\" class=\"elementor-button elementor-size-sm\">\n\t\t\t\t\t\t<span >\n\t\t\t\t\t\t\t\t\t\t\t\t\t\t\t<span class=\" elementor-button-icon\">\n\t\t\t\t\t\t\t\t\t\t\t\t\t\t\t\t\t\t\t\t\t\t\t\t\t\t<\/span>\n\t\t\t\t\t\t\t\t\t\t\t\t\t\t\t\t\t\t\t\t\t\t<span class=\"elementor-button-text\">Senden<\/span>\n\t\t\t\t\t\t\t\t\t\t\t\t\t<\/span>\n\t\t\t\t\t<\/button>\n\t\t\t\t<\/div>\n\t\t\t<\/div>\n\t\t<\/form>\n\t\t\t\t<\/div>\n\t\t\t\t<\/div>\n\t\t\t\t\t\t<\/div>\n\t\t\t\t\t<\/div>\n\t\t<\/div>\n\t\t\t\t\t\t\t\t<\/div>\n\t\t\t\t\t<\/div>\n\t\t<\/section>\n\t\t\t\t<section class=\"elementor-section elementor-top-section elementor-element elementor-element-7ffa4259 elementor-section-content-middle elementor-section-boxed elementor-section-height-default elementor-section-height-default\" data-id=\"7ffa4259\" data-element_type=\"section\" data-settings=\"{&quot;background_background&quot;:&quot;classic&quot;}\">\n\t\t\t\t\t\t<div class=\"elementor-container elementor-column-gap-no\">\n\t\t\t\t\t\t\t<div class=\"elementor-row\">\n\t\t\t\t\t<div class=\"elementor-column elementor-col-100 elementor-top-column elementor-element elementor-element-652ce48c\" data-id=\"652ce48c\" data-element_type=\"column\">\n\t\t\t<div class=\"elementor-column-wrap elementor-element-populated\">\n\t\t\t\t\t\t\t<div class=\"elementor-widget-wrap\">\n\t\t\t\t\t\t<div class=\"elementor-element elementor-element-6d8b81b0 elementor-widget elementor-widget-heading\" data-id=\"6d8b81b0\" data-element_type=\"widget\" data-widget_type=\"heading.default\">\n\t\t\t\t<div class=\"elementor-widget-container\">\n\t\t\t<h4 class=\"elementor-heading-title elementor-size-default\">WIR BIETEN AUCH<\/h4>\t\t<\/div>\n\t\t\t\t<\/div>\n\t\t\t\t<section class=\"elementor-section elementor-inner-section elementor-element elementor-element-6ab74a9d elementor-section-content-middle elementor-section-boxed elementor-section-height-default elementor-section-height-default\" data-id=\"6ab74a9d\" data-element_type=\"section\">\n\t\t\t\t\t\t<div class=\"elementor-container elementor-column-gap-no\">\n\t\t\t\t\t\t\t<div class=\"elementor-row\">\n\t\t\t\t\t<div class=\"elementor-column elementor-col-50 elementor-inner-column elementor-element elementor-element-50b45252\" data-id=\"50b45252\" data-element_type=\"column\">\n\t\t\t<div class=\"elementor-column-wrap elementor-element-populated\">\n\t\t\t\t\t\t\t<div class=\"elementor-widget-wrap\">\n\t\t\t\t\t\t<div class=\"elementor-element elementor-element-3825eef0 elementor-position-top elementor-vertical-align-top elementor-widget elementor-widget-image-box\" data-id=\"3825eef0\" data-element_type=\"widget\" data-widget_type=\"image-box.default\">\n\t\t\t\t<div class=\"elementor-widget-container\">\n\t\t\t<div class=\"elementor-image-box-wrapper\"><div class=\"elementor-image-box-content\"><h3 class=\"elementor-image-box-title\"><a href=\"http:\/\/zhwjymg.cluster028.hosting.ovh.net\/index.php\/sicurezza-di-macchinari-industriali\/cabine-industriali\/\">INDUSTRIELLE SCHUTZKABINEN<\/a><\/h3><p class=\"elementor-image-box-description\">Wir entwickeln L\u00e4rm-und-Staubschutzkabinen, Perimeter-Einz\u00e4unungen und verschiebbare Schutzsystemen.<\/p><\/div><\/div>\t\t<\/div>\n\t\t\t\t<\/div>\n\t\t\t\t\t\t<\/div>\n\t\t\t\t\t<\/div>\n\t\t<\/div>\n\t\t\t\t<div class=\"elementor-column elementor-col-50 elementor-inner-column elementor-element elementor-element-79384704\" data-id=\"79384704\" data-element_type=\"column\">\n\t\t\t<div class=\"elementor-column-wrap elementor-element-populated\">\n\t\t\t\t\t\t\t<div class=\"elementor-widget-wrap\">\n\t\t\t\t\t\t<div class=\"elementor-element elementor-element-1f52dc elementor-position-top elementor-vertical-align-top elementor-widget elementor-widget-image-box\" data-id=\"1f52dc\" data-element_type=\"widget\" data-widget_type=\"image-box.default\">\n\t\t\t\t<div class=\"elementor-widget-container\">\n\t\t\t<div class=\"elementor-image-box-wrapper\"><div class=\"elementor-image-box-content\"><h3 class=\"elementor-image-box-title\"><a href=\"http:\/\/zhwjymg.cluster028.hosting.ovh.net\/index.php\/sicurezza-di-macchinari-industriali\/carpenteria-leggera\/\">METALLBEARBEITUNG<\/a><\/h3><p class=\"elementor-image-box-description\">Wir herstellen auch Erbauungen aus Stahl, Aluminium, Kupfer, Zink, Blech und Eisen f\u00fcr den Bereich Industrie-Wohnungsbau.<\/p><\/div><\/div>\t\t<\/div>\n\t\t\t\t<\/div>\n\t\t\t\t\t\t<\/div>\n\t\t\t\t\t<\/div>\n\t\t<\/div>\n\t\t\t\t\t\t\t\t<\/div>\n\t\t\t\t\t<\/div>\n\t\t<\/section>\n\t\t\t\t\t\t<\/div>\n\t\t\t\t\t<\/div>\n\t\t<\/div>\n\t\t\t\t\t\t\t\t<\/div>\n\t\t\t\t\t<\/div>\n\t\t<\/section>\n\t\t\t\t\t\t<\/div>\n\t\t\t\t\t\t<\/div>\n\t\t\t\t\t<\/div>\n\t\t","protected":false},"excerpt":{"rendered":"<p>SCHALLSCHUTZW\u00c4NDE Die Einhausungen und Schallschutzw\u00e4nde k\u00f6nnen eingesetzt werden um die Menschen vor sch\u00e4dlichem Schall zu sch\u00fctzen. Precedente Successivo industrielle und zivile Schallschutz A.G.S. entwickelt L\u00e4rmschutzsystemen<\/p>\n","protected":false},"author":2,"featured_media":0,"parent":991,"menu_order":0,"comment_status":"closed","ping_status":"closed","template":"elementor_header_footer","meta":{"footnotes":""},"class_list":["post-996","page","type-page","status-publish","hentry"],"yoast_head":"<!-- This site is optimized with the Yoast SEO plugin v15.0 - https:\/\/yoast.com\/wordpress\/plugins\/seo\/ -->\n<title>Industrielle Schallschutzsysteme | Metallbearbeitung - A.G.S. Srl di Udine<\/title>\n<meta name=\"description\" content=\"Wir schaffen schallisolierende Schallschutzw\u00e4nde f\u00fcr den Industrie- und Zivilsektor, die Arbeitsumgebungen von sch\u00e4dlichen Ger\u00e4uschen trennen k\u00f6nnen\" \/>\n<meta name=\"robots\" content=\"index, follow, max-snippet:-1, max-image-preview:large, max-video-preview:-1\" \/>\n<link rel=\"canonical\" href=\"https:\/\/www.ags.ud.it\/index.php\/unsere-produkte\/schallschutzwaende\/\" \/>\n<meta property=\"og:locale\" content=\"it_IT\" \/>\n<meta property=\"og:type\" content=\"article\" \/>\n<meta property=\"og:title\" content=\"Industrielle Schallschutzsysteme | Metallbearbeitung - A.G.S. Srl di Udine\" \/>\n<meta property=\"og:description\" content=\"Wir schaffen schallisolierende Schallschutzw\u00e4nde f\u00fcr den Industrie- und Zivilsektor, die Arbeitsumgebungen von sch\u00e4dlichen Ger\u00e4uschen trennen k\u00f6nnen\" \/>\n<meta property=\"og:url\" content=\"https:\/\/www.ags.ud.it\/index.php\/unsere-produkte\/schallschutzwaende\/?lang=de\" \/>\n<meta property=\"og:site_name\" content=\"A.G.S.\" \/>\n<meta property=\"article:modified_time\" content=\"2020-09-06T16:45:27+00:00\" \/>\n<meta name=\"twitter:card\" content=\"summary_large_image\" \/>\n<script type=\"application\/ld+json\" class=\"yoast-schema-graph\">{\"@context\":\"https:\/\/schema.org\",\"@graph\":[{\"@type\":\"WebSite\",\"@id\":\"https:\/\/www.ags.ud.it\/#website\",\"url\":\"https:\/\/www.ags.ud.it\/\",\"name\":\"A.G.S.\",\"description\":\"Insonorizzazioni Industriali | Carpenteria Leggera\",\"potentialAction\":[{\"@type\":\"SearchAction\",\"target\":\"https:\/\/www.ags.ud.it\/?s={search_term_string}\",\"query-input\":\"required name=search_term_string\"}],\"inLanguage\":\"it-IT\"},{\"@type\":\"WebPage\",\"@id\":\"https:\/\/www.ags.ud.it\/index.php\/unsere-produkte\/schallschutzwaende\/?lang=de#webpage\",\"url\":\"https:\/\/www.ags.ud.it\/index.php\/unsere-produkte\/schallschutzwaende\/?lang=de\",\"name\":\"Industrielle Schallschutzsysteme | Metallbearbeitung - A.G.S. Srl di Udine\",\"isPartOf\":{\"@id\":\"https:\/\/www.ags.ud.it\/#website\"},\"datePublished\":\"2020-09-06T16:45:26+00:00\",\"dateModified\":\"2020-09-06T16:45:27+00:00\",\"description\":\"Wir schaffen schallisolierende Schallschutzw\\u00e4nde f\\u00fcr den Industrie- und Zivilsektor, die Arbeitsumgebungen von sch\\u00e4dlichen Ger\\u00e4uschen trennen k\\u00f6nnen\",\"inLanguage\":\"it-IT\",\"potentialAction\":[{\"@type\":\"ReadAction\",\"target\":[\"https:\/\/www.ags.ud.it\/index.php\/unsere-produkte\/schallschutzwaende\/?lang=de\"]}]}]}<\/script>\n<!-- \/ Yoast SEO plugin. -->","_links":{"self":[{"href":"https:\/\/www.ags.ud.it\/index.php\/wp-json\/wp\/v2\/pages\/996","targetHints":{"allow":["GET"]}}],"collection":[{"href":"https:\/\/www.ags.ud.it\/index.php\/wp-json\/wp\/v2\/pages"}],"about":[{"href":"https:\/\/www.ags.ud.it\/index.php\/wp-json\/wp\/v2\/types\/page"}],"author":[{"embeddable":true,"href":"https:\/\/www.ags.ud.it\/index.php\/wp-json\/wp\/v2\/users\/2"}],"replies":[{"embeddable":true,"href":"https:\/\/www.ags.ud.it\/index.php\/wp-json\/wp\/v2\/comments?post=996"}],"version-history":[{"count":1,"href":"https:\/\/www.ags.ud.it\/index.php\/wp-json\/wp\/v2\/pages\/996\/revisions"}],"predecessor-version":[{"id":997,"href":"https:\/\/www.ags.ud.it\/index.php\/wp-json\/wp\/v2\/pages\/996\/revisions\/997"}],"up":[{"embeddable":true,"href":"https:\/\/www.ags.ud.it\/index.php\/wp-json\/wp\/v2\/pages\/991"}],"wp:attachment":[{"href":"https:\/\/www.ags.ud.it\/index.php\/wp-json\/wp\/v2\/media?parent=996"}],"curies":[{"name":"wp","href":"https:\/\/api.w.org\/{rel}","templated":true}]}}